{"id":34,"date":"2021-03-03T20:59:49","date_gmt":"2021-03-03T20:59:49","guid":{"rendered":"https:\/\/yakmos.pixelemos.com\/?page_id=34"},"modified":"2021-04-07T01:14:05","modified_gmt":"2021-04-07T01:14:05","slug":"productos","status":"publish","type":"page","link":"https:\/\/yakmos.pixelemos.com\/index.php\/productos\/","title":{"rendered":"Gu\u00eda de productos*"},"content":{"rendered":"\n<div class=\"wp-block-columns\">\n<div class=\"wp-block-column\">\n<figure class=\"wp-block-gallery columns-2 is-cropped\"><ul class=\"blocks-gallery-grid\"><li class=\"blocks-gallery-item\"><figure><img loading=\"lazy\" width=\"627\" height=\"727\" src=\"https:\/\/yakmos.pixelemos.com\/wp-content\/uploads\/2021\/04\/cubone-8dlls-2.png\" alt=\"\" data-id=\"137\" data-link=\"https:\/\/yakmos.pixelemos.com\/index.php\/productos\/cubone-8dlls-2\/\" class=\"wp-image-137\" srcset=\"https:\/\/yakmos.pixelemos.com\/wp-content\/uploads\/2021\/04\/cubone-8dlls-2.png 627w, https:\/\/yakmos.pixelemos.com\/wp-content\/uploads\/2021\/04\/cubone-8dlls-2-259x300.png 259w\" sizes=\"(max-width: 627px) 100vw, 627px\" \/><\/figure><\/li><li class=\"blocks-gallery-item\"><figure><img loading=\"lazy\" width=\"628\" height=\"472\" src=\"https:\/\/yakmos.pixelemos.com\/wp-content\/uploads\/2021\/04\/74ea9db6fc3355e212e131a47add0a62_preview_featured-1.jpg\" alt=\"\" data-id=\"138\" data-full-url=\"https:\/\/yakmos.pixelemos.com\/wp-content\/uploads\/2021\/04\/74ea9db6fc3355e212e131a47add0a62_preview_featured-1.jpg\" data-link=\"https:\/\/yakmos.pixelemos.com\/index.php\/productos\/74ea9db6fc3355e212e131a47add0a62_preview_featured-1\/\" class=\"wp-image-138\" srcset=\"https:\/\/yakmos.pixelemos.com\/wp-content\/uploads\/2021\/04\/74ea9db6fc3355e212e131a47add0a62_preview_featured-1.jpg 628w, https:\/\/yakmos.pixelemos.com\/wp-content\/uploads\/2021\/04\/74ea9db6fc3355e212e131a47add0a62_preview_featured-1-300x225.jpg 300w, https:\/\/yakmos.pixelemos.com\/wp-content\/uploads\/2021\/04\/74ea9db6fc3355e212e131a47add0a62_preview_featured-1-399x300.jpg 399w\" sizes=\"(max-width: 628px) 100vw, 628px\" \/><\/figure><\/li><\/ul><\/figure>\n\n\n\n<h2>Impresiones intermedias<\/h2>\n\n\n\n<p>Impresiones semi huecas de tama\u00f1o mediano filamento a color y nivel de detalle medio.<\/p>\n\n\n\n<p>Tama\u00f1o &#8211; 5 x 5 x 6 cm<\/p>\n\n\n\n<p><strong>Costo estimado &#8211; <\/strong>400 mxn<\/p>\n\n\n\n<figure class=\"wp-block-image size-large is-style-default\"><img loading=\"lazy\" width=\"628\" height=\"472\" src=\"https:\/\/yakmos.pixelemos.com\/wp-content\/uploads\/2021\/04\/1c555985c43d7569af8755b084c9c199_preview_featured.jpg\" alt=\"\" class=\"wp-image-139\" srcset=\"https:\/\/yakmos.pixelemos.com\/wp-content\/uploads\/2021\/04\/1c555985c43d7569af8755b084c9c199_preview_featured.jpg 628w, https:\/\/yakmos.pixelemos.com\/wp-content\/uploads\/2021\/04\/1c555985c43d7569af8755b084c9c199_preview_featured-300x225.jpg 300w, https:\/\/yakmos.pixelemos.com\/wp-content\/uploads\/2021\/04\/1c555985c43d7569af8755b084c9c199_preview_featured-399x300.jpg 399w\" sizes=\"(max-width: 628px) 100vw, 628px\" \/><\/figure>\n<\/div>\n\n\n\n<div class=\"wp-block-column\">\n<h2>Impresiones sencillas<\/h2>\n\n\n\n<p>Impresiones con volumen peque\u00f1o y un solo color y un nivel de detalle simple.<\/p>\n\n\n\n<p>Tama\u00f1o &#8211; 3 x 2 x 2 cm<\/p>\n\n\n\n<p><strong>Costo estimado &#8211; <\/strong>120 mxn<\/p>\n\n\n\n<figure class=\"wp-block-image size-large is-style-default\"><img loading=\"lazy\" width=\"628\" height=\"472\" src=\"https:\/\/yakmos.pixelemos.com\/wp-content\/uploads\/2021\/04\/P6130239.jpg\" alt=\"\" class=\"wp-image-136\" srcset=\"https:\/\/yakmos.pixelemos.com\/wp-content\/uploads\/2021\/04\/P6130239.jpg 628w, https:\/\/yakmos.pixelemos.com\/wp-content\/uploads\/2021\/04\/P6130239-300x225.jpg 300w, https:\/\/yakmos.pixelemos.com\/wp-content\/uploads\/2021\/04\/P6130239-399x300.jpg 399w\" sizes=\"(max-width: 628px) 100vw, 628px\" \/><\/figure>\n\n\n\n<h2>Impresiones complejas<\/h2>\n\n\n\n<p>Impresiones de gran volumen, s\u00f3lidas, detalles complejos y dos o m\u00e1s colores distintos.<\/p>\n\n\n\n<p>Tama\u00f1o &#8211; 25 x 15 x 10 cm<\/p>\n\n\n\n<p><strong>Costo estimado &#8211; <\/strong>2400 mxn<\/p>\n<\/div>\n<\/div>\n\n\n\n<p><strong>*<\/strong> Los precios var\u00edan con el material, acabado, volumen y complejidad de las piezas, los costos mostrados son aproximados.<\/p>\n","protected":false},"excerpt":{"rendered":"<p>Impresiones intermedias Impresiones semi huecas de tama\u00f1o mediano filamento a color y nivel de detalle medio. Tama\u00f1o &#8211; 5 x 5 x 6 cm Costo estimado &#8211; 400 mxn Impresiones sencillas Impresiones con volumen peque\u00f1o y un solo color y &hellip; <a href=\"https:\/\/yakmos.pixelemos.com\/index.php\/productos\/\">Sigue leyendo <span class=\"meta-nav\">&rarr;<\/span><\/a><\/p>\n","protected":false},"author":2,"featured_media":0,"parent":0,"menu_order":0,"comment_status":"closed","ping_status":"closed","template":"","meta":[],"_links":{"self":[{"href":"https:\/\/yakmos.pixelemos.com\/index.php\/wp-json\/wp\/v2\/pages\/34"}],"collection":[{"href":"https:\/\/yakmos.pixelemos.com\/index.php\/wp-json\/wp\/v2\/pages"}],"about":[{"href":"https:\/\/yakmos.pixelemos.com\/index.php\/wp-json\/wp\/v2\/types\/page"}],"author":[{"embeddable":true,"href":"https:\/\/yakmos.pixelemos.com\/index.php\/wp-json\/wp\/v2\/users\/2"}],"replies":[{"embeddable":true,"href":"https:\/\/yakmos.pixelemos.com\/index.php\/wp-json\/wp\/v2\/comments?post=34"}],"version-history":[{"count":4,"href":"https:\/\/yakmos.pixelemos.com\/index.php\/wp-json\/wp\/v2\/pages\/34\/revisions"}],"predecessor-version":[{"id":141,"href":"https:\/\/yakmos.pixelemos.com\/index.php\/wp-json\/wp\/v2\/pages\/34\/revisions\/141"}],"wp:attachment":[{"href":"https:\/\/yakmos.pixelemos.com\/index.php\/wp-json\/wp\/v2\/media?parent=34"}],"curies":[{"name":"wp","href":"https:\/\/api.w.org\/{rel}","templated":true}]}}