{"id":33,"date":"2021-03-03T20:59:49","date_gmt":"2021-03-03T20:59:49","guid":{"rendered":"https:\/\/yakmos.pixelemos.com\/?page_id=33"},"modified":"2021-04-07T01:16:08","modified_gmt":"2021-04-07T01:16:08","slug":"servicios","status":"publish","type":"page","link":"https:\/\/yakmos.pixelemos.com\/index.php\/servicios\/","title":{"rendered":"Servicios"},"content":{"rendered":"\n<h2 class=\"has-medium-font-size\">Servicio en dise\u00f1o, modelaje y prototipado CAD 3D.<\/h2>\n\n\n\n<div class=\"wp-block-media-text alignwide is-stacked-on-mobile\"><figure class=\"wp-block-media-text__media\"><img loading=\"lazy\" width=\"544\" height=\"367\" src=\"https:\/\/yakmos.pixelemos.com\/wp-content\/uploads\/2021\/03\/3d-design.png\" alt=\"\" class=\"wp-image-66 size-full\" srcset=\"https:\/\/yakmos.pixelemos.com\/wp-content\/uploads\/2021\/03\/3d-design.png 544w, https:\/\/yakmos.pixelemos.com\/wp-content\/uploads\/2021\/03\/3d-design-300x202.png 300w, https:\/\/yakmos.pixelemos.com\/wp-content\/uploads\/2021\/03\/3d-design-445x300.png 445w\" sizes=\"(max-width: 544px) 100vw, 544px\" \/><\/figure><div class=\"wp-block-media-text__content\">\n<p class=\"has-text-align-center\" style=\"font-size:25px\">Dise\u00f1o asistido por computadora<\/p>\n<\/div><\/div>\n\n\n\n<div class=\"wp-block-media-text alignwide has-media-on-the-right is-stacked-on-mobile\"><figure class=\"wp-block-media-text__media\"><img loading=\"lazy\" width=\"1024\" height=\"576\" src=\"https:\/\/yakmos.pixelemos.com\/wp-content\/uploads\/2021\/03\/escaner-3d-casero-1024x576.png\" alt=\"\" class=\"wp-image-77 size-full\" srcset=\"https:\/\/yakmos.pixelemos.com\/wp-content\/uploads\/2021\/03\/escaner-3d-casero-1024x576.png 1024w, https:\/\/yakmos.pixelemos.com\/wp-content\/uploads\/2021\/03\/escaner-3d-casero-300x169.png 300w, https:\/\/yakmos.pixelemos.com\/wp-content\/uploads\/2021\/03\/escaner-3d-casero-768x432.png 768w, https:\/\/yakmos.pixelemos.com\/wp-content\/uploads\/2021\/03\/escaner-3d-casero-500x281.png 500w, https:\/\/yakmos.pixelemos.com\/wp-content\/uploads\/2021\/03\/escaner-3d-casero.png 1200w\" sizes=\"(max-width: 1024px) 100vw, 1024px\" \/><\/figure><div class=\"wp-block-media-text__content\">\n<p class=\"has-text-align-center\" style=\"font-size:25px\">Escaneo 3D<\/p>\n<\/div><\/div>\n\n\n\n<hr class=\"wp-block-separator\"\/>\n\n\n\n<h2 class=\"has-medium-font-size\">Impresi\u00f3n de modelos y prototipos 3D<\/h2>\n\n\n\n<div class=\"wp-block-media-text alignwide is-stacked-on-mobile is-vertically-aligned-center\"><figure class=\"wp-block-media-text__media\"><img loading=\"lazy\" width=\"476\" height=\"317\" src=\"https:\/\/yakmos.pixelemos.com\/wp-content\/uploads\/2021\/03\/Dragon.jpg\" alt=\"\" class=\"wp-image-72 size-full\" srcset=\"https:\/\/yakmos.pixelemos.com\/wp-content\/uploads\/2021\/03\/Dragon.jpg 476w, https:\/\/yakmos.pixelemos.com\/wp-content\/uploads\/2021\/03\/Dragon-300x200.jpg 300w, https:\/\/yakmos.pixelemos.com\/wp-content\/uploads\/2021\/03\/Dragon-450x300.jpg 450w\" sizes=\"(max-width: 476px) 100vw, 476px\" \/><\/figure><div class=\"wp-block-media-text__content\">\n<p class=\"has-text-align-center\" style=\"font-size:25px\">Impresi\u00f3n decorativa<\/p>\n<\/div><\/div>\n\n\n\n<hr class=\"wp-block-separator\"\/>\n\n\n\n<div class=\"wp-block-group\"><div class=\"wp-block-group__inner-container\">\n<div class=\"wp-block-media-text alignwide has-media-on-the-right is-stacked-on-mobile is-vertically-aligned-center\"><figure class=\"wp-block-media-text__media\"><img loading=\"lazy\" width=\"587\" height=\"330\" src=\"https:\/\/yakmos.pixelemos.com\/wp-content\/uploads\/2021\/03\/motor.jpg\" alt=\"\" class=\"wp-image-73 size-full\" srcset=\"https:\/\/yakmos.pixelemos.com\/wp-content\/uploads\/2021\/03\/motor.jpg 587w, https:\/\/yakmos.pixelemos.com\/wp-content\/uploads\/2021\/03\/motor-300x169.jpg 300w, https:\/\/yakmos.pixelemos.com\/wp-content\/uploads\/2021\/03\/motor-500x281.jpg 500w\" sizes=\"(max-width: 587px) 100vw, 587px\" \/><\/figure><div class=\"wp-block-media-text__content\">\n<p class=\"has-text-align-center\" style=\"font-size:25px\">Impresi\u00f3n industrial<\/p>\n<\/div><\/div>\n<\/div><\/div>\n","protected":false},"excerpt":{"rendered":"<p>Servicio en dise\u00f1o, modelaje y prototipado CAD 3D. Dise\u00f1o asistido por computadora Escaneo 3D Impresi\u00f3n de modelos y prototipos 3D Impresi\u00f3n decorativa<\/p>\n","protected":false},"author":2,"featured_media":0,"parent":0,"menu_order":0,"comment_status":"closed","ping_status":"closed","template":"","meta":[],"_links":{"self":[{"href":"https:\/\/yakmos.pixelemos.com\/index.php\/wp-json\/wp\/v2\/pages\/33"}],"collection":[{"href":"https:\/\/yakmos.pixelemos.com\/index.php\/wp-json\/wp\/v2\/pages"}],"about":[{"href":"https:\/\/yakmos.pixelemos.com\/index.php\/wp-json\/wp\/v2\/types\/page"}],"author":[{"embeddable":true,"href":"https:\/\/yakmos.pixelemos.com\/index.php\/wp-json\/wp\/v2\/users\/2"}],"replies":[{"embeddable":true,"href":"https:\/\/yakmos.pixelemos.com\/index.php\/wp-json\/wp\/v2\/comments?post=33"}],"version-history":[{"count":4,"href":"https:\/\/yakmos.pixelemos.com\/index.php\/wp-json\/wp\/v2\/pages\/33\/revisions"}],"predecessor-version":[{"id":143,"href":"https:\/\/yakmos.pixelemos.com\/index.php\/wp-json\/wp\/v2\/pages\/33\/revisions\/143"}],"wp:attachment":[{"href":"https:\/\/yakmos.pixelemos.com\/index.php\/wp-json\/wp\/v2\/media?parent=33"}],"curies":[{"name":"wp","href":"https:\/\/api.w.org\/{rel}","templated":true}]}}